{"id":866,"date":"2026-01-30T10:41:29","date_gmt":"2026-01-30T09:41:29","guid":{"rendered":"https:\/\/neues-mitteldeutschland.de\/?page_id=866"},"modified":"2026-02-06T09:44:15","modified_gmt":"2026-02-06T08:44:15","slug":"impressum","status":"publish","type":"page","link":"http:\/\/www.marktplatz-zwickauerland.de\/index.php\/impressum\/","title":{"rendered":"Impressum"},"content":{"rendered":"<p>Impressum<\/p>\n<p>Verantwortlich f\u00fcr die technische Realisierung dieser Webseiten ist:<\/p>\n<p>Peter Kehrer<br \/>\nMarkt 20<br \/>\n08371 Glauchau<br \/>\nDeutschland<\/p>\n<p>Vertretungsberechtigte Gesellschafter:<br \/>\nPeter Kehrer<\/p>\n<p>Inhaltlich verantwortlich nach \u00a7 55 II RStV:<br \/>\nPeter Kehrer<br \/>\nSchlachthofstr. 7, 08371 Glauchau<\/p>\n<p>USt-Id:<\/p>\n<p>E-Mail:<br \/>\ninfo@neues-mitteldeutschland.de<br \/>\nTel. 03763 7796277<br \/>\nMobil: 0170 1759642<\/p>\n<p>Hinweis zur Inhaltlichen Verantwortung:<br \/>\nF\u00fcr die Inhalte und deren Richtigkeit, der hier eingebunden Informationen, ist ausschlie\u00dflich der jeweilige Kunde verantwortlich.<br \/>\nDie Peter Kehrer \u00fcbernimmt somit keine Haftung \u00fcber die Inhalte unserer Kunden und deren Richtigkeit.<\/p>\n<p>Die Europ\u00e4ische Kommission stellt eine Plattform f\u00fcr die au\u00dfergerichtliche Online-Streitbeilegung (OS-Plattform) bereit, aufrufbar unter http:\/\/ec.europa.eu\/odr.<\/p>\n<p>Wir sind seit 31.05.2018 Mitglied der Initiative &#8222;FairCommerce&#8220;. N\u00e4here Informationen hierzu finden Sie unter www.fair-commerce.de.<\/p>\n<p>Rechtliche Hinweise:<\/p>\n<p>Unverlangte Werbesendungen sind grunds\u00e4tzlich unzul\u00e4ssig.<br \/>\n(BGH, Urteil vom 25.10.1996, Az I ZR 255\/93; OLG Stuttgart, Beschluss vom 13.10.1994, Az 2 W 676\/94).<br \/>\nWir widersprechen hiermit der Nutzung dieser Daten f\u00fcr Zwecke der Werbung oder Markt- und Meinungsforschung<br \/>\ngem\u00e4\u00df \u00a7 28 Abs. 3 Bundesdatenschutzgesetz.<br \/>\nDie weitere Verwendung dieser Daten f\u00fcr o.g. Zwecke ist somit strafbar.<br \/>\nBei Absendern mit Firmensitz in Deutschland erfolgt zudem eine Beschwerde bei der zust\u00e4ndigen Aufsichtsbeh\u00f6rde.<br \/>\nHaftung f\u00fcr Inhalte<\/p>\n<p>Die Inhalte unserer Seiten wurden mit gr\u00f6\u00dfter Sorgfalt erstellt. F\u00fcr die Richtigkeit, Vollst\u00e4ndigkeit und Aktualit\u00e4t der Inhalte k\u00f6nnen wir jedoch keine Gew\u00e4hr \u00fcbernehmen. Als Diensteanbieter sind wir gem\u00e4\u00df \u00a7 7 Abs.1 TMG f\u00fcr eigene Inhalte auf diesen Seiten nach den allgemeinen Gesetzen verantwortlich. Nach \u00a7\u00a7 8 bis 10 TMG sind wir als Diensteanbieter jedoch nicht verpflichtet, \u00fcbermittelte oder gespeicherte fremde Informationen zu \u00fcberwachen oder nach Umst\u00e4nden zu forschen, die auf eine rechtswidrige T\u00e4tigkeit hinweisen. Verpflichtungen zur Entfernung oder Sperrung der Nutzung von Informationen nach den allgemeinen Gesetzen bleiben hiervon unber\u00fchrt. Eine diesbez\u00fcgliche Haftung ist jedoch erst ab dem Zeitpunkt der Kenntnis einer konkreten Rechtsverletzung m\u00f6glich. Bei Bekanntwerden von entsprechenden Rechtsverletzungen werden wir diese Inhalte umgehend entfernen.<br \/>\nHaftung f\u00fcr Kleinanzeigen<\/p>\n<p>Die Gesellschaft stellt durch die gegenst\u00e4ndlichen Kleinanzeigen indirekt Kontakte zwischen interessierten Usern und ihren Kunden her, so dass Gesch\u00e4ftsabschl\u00fcsse nur direkt zwischen diesen beiden zustande kommen. Die Gesellschaft nimmt an den auf diese Weise entstandenen Rechtsverh\u00e4ltnissen weder teil, noch treffen sie daraus irgendwelche Rechte und Pflichten. Die Gesellschaft \u00fcbernimmt insbesondere keine Gew\u00e4hr f\u00fcr die Erf\u00fcllung der Gesch\u00e4ftserwartung eines der beiden Teile oder daf\u00fcr, da\u00df die Angaben \u00fcber in der Kleinanzeige angebotenen Artikel und Preise richtig und angemessen sind.<\/p>\n<p>Die Gesellschaft \u00fcbernimmt f\u00fcr die Inhalte der Kleinanzeigen bzw. von Websites, auf die durch die Anzeige weiter verlinkt wird, keine wie auch immer geartete Haftung (weder f\u00fcr deren Richtigkeit, Aktualit\u00e4t, Vollst\u00e4ndigkeit oder rechtliche Zul\u00e4ssigkeit, noch in sonstiger Weise), dies weder in straf-, medien- oder schadenersatzrechtlicher, noch in irgendeiner sonstigen Hinsicht. Sollte die Gesellschaft dennoch, warum und von wem auch immer, zur Verantwortung gezogen werden, hat sie der Schalter der entsprechenden Anzeige (Kunde) diesbez\u00fcglich vollst\u00e4ndig schad- und klaglos zu halten.<br \/>\nHaftung f\u00fcr Links<\/p>\n<p>Unser Angebot enth\u00e4lt Links zu externen Webseiten Dritter, auf deren Inhalte wir keinen Einfluss haben. Deshalb k\u00f6nnen wir f\u00fcr diese fremden Inhalte auch keine Gew\u00e4hr \u00fcbernehmen. F\u00fcr die Inhalte der verlinkten Seiten ist stets der jeweilige Anbieter oder Betreiber der Seiten verantwortlich. Die verlinkten Seiten wurden zum Zeitpunkt der Verlinkung auf m\u00f6gliche Rechtsverst\u00f6\u00dfe \u00fcberpr\u00fcft. Rechtswidrige Inhalte waren zum Zeitpunkt der Verlinkung nicht erkennbar. Eine permanente inhaltliche Kontrolle der verlinkten Seiten ist jedoch ohne konkrete Anhaltspunkte einer Rechtsverletzung nicht zumutbar. Bei Bekanntwerden von Rechtsverletzungen werden wir derartige Links umgehend entfernen.<br \/>\nUrheberrecht<\/p>\n<p>Die durch die Seitenbetreiber erstellten Inhalte und Werke auf diesen Seiten unterliegen dem deutschen Urheberrecht. Die Vervielf\u00e4ltigung, Bearbeitung, Verbreitung und jede Art der Verwertung au\u00dferhalb der Grenzen des Urheberrechtes bed\u00fcrfen der schriftlichen Zustimmung des jeweiligen Autors bzw. Erstellers. Downloads und Kopien dieser Seite sind nur f\u00fcr den privaten, nicht kommerziellen Gebrauch gestattet. Soweit die Inhalte auf dieser Seite nicht vom Betreiber erstellt wurden, werden die Urheberrechte Dritter beachtet. Insbesondere werden Inhalte Dritter als solche gekennzeichnet. Sollten Sie trotzdem auf eine Urheberrechtsverletzung aufmerksam werden, bitten wir um einen entsprechenden Hinweis. Bei Bekanntwerden von Rechtsverletzungen werden wir derartige Inhalte umgehend entfernen.<br \/>\nAlle auf dieser Website genannten Produktnamen, Produktbezeichnungen und Logos sind eingetragene Warenzeichen und Eigentum der jeweiligen Rechteinhaber.<\/p>\n<p>Ausf\u00fchrliche Hinweise hierzu erhalten Sie in unseren <a href=\"https:\/\/neues-mitteldeutschland.de\/index.php\/allg-geschaeftsbedingungen\/\">Allgemeinen Gesch\u00e4ftsbedingungen<\/a>.<\/p>\n","protected":false},"excerpt":{"rendered":"<p>Impressum Verantwortlich f\u00fcr die technische Realisierung dieser Webseiten ist: Peter Kehrer Markt 20 08371 Glauchau Deutschland Vertretungsberechtigte Gesellschafter: Peter Kehrer Inhaltlich verantwortlich nach \u00a7 55 II RStV: Peter Kehrer Schlachthofstr. 7, 08371 Glauchau USt-Id: E-Mail: info@neues-mitteldeutschland.de Tel. 03763 7796277 Mobil: 0170 1759642 Hinweis zur Inhaltlichen Verantwortung: F\u00fcr die Inhalte und deren Richtigkeit, der hier eingebunden [&hellip;]<\/p>\n","protected":false},"author":1,"featured_media":0,"parent":0,"menu_order":0,"comment_status":"closed","ping_status":"closed","template":"","meta":{"footnotes":""},"class_list":["post-866","page","type-page","status-publish","hentry"],"publishpress_future_action":{"enabled":false,"date":"2026-05-09 13:38:08","action":"change-status","newStatus":"draft","terms":[],"taxonomy":"","extraData":[]},"publishpress_future_workflow_manual_trigger":{"enabledWorkflows":[]},"_links":{"self":[{"href":"http:\/\/www.marktplatz-zwickauerland.de\/index.php\/wp-json\/wp\/v2\/pages\/866","targetHints":{"allow":["GET"]}}],"collection":[{"href":"http:\/\/www.marktplatz-zwickauerland.de\/index.php\/wp-json\/wp\/v2\/pages"}],"about":[{"href":"http:\/\/www.marktplatz-zwickauerland.de\/index.php\/wp-json\/wp\/v2\/types\/page"}],"author":[{"embeddable":true,"href":"http:\/\/www.marktplatz-zwickauerland.de\/index.php\/wp-json\/wp\/v2\/users\/1"}],"replies":[{"embeddable":true,"href":"http:\/\/www.marktplatz-zwickauerland.de\/index.php\/wp-json\/wp\/v2\/comments?post=866"}],"version-history":[{"count":3,"href":"http:\/\/www.marktplatz-zwickauerland.de\/index.php\/wp-json\/wp\/v2\/pages\/866\/revisions"}],"predecessor-version":[{"id":1064,"href":"http:\/\/www.marktplatz-zwickauerland.de\/index.php\/wp-json\/wp\/v2\/pages\/866\/revisions\/1064"}],"wp:attachment":[{"href":"http:\/\/www.marktplatz-zwickauerland.de\/index.php\/wp-json\/wp\/v2\/media?parent=866"}],"curies":[{"name":"wp","href":"https:\/\/api.w.org\/{rel}","templated":true}]}}